{"id":2,"date":"2025-12-12T22:51:40","date_gmt":"2025-12-12T15:51:40","guid":{"rendered":"https:\/\/www.demo.vietnamweb.asia\/?page_id=2"},"modified":"2025-12-12T22:59:55","modified_gmt":"2025-12-12T15:59:55","slug":"trang-chu","status":"publish","type":"page","link":"https:\/\/2026bet88.bet\/","title":{"rendered":"2026bet88 &#8211; Tri \u00c2n H\u1ed9i Vi\u00ean Ph\u00e1t Th\u01b0\u1edfng 1000 T\u1ef7 Ng\u00e0y 18 H\u00e0ng Th\u00e1ng"},"content":{"rendered":"<h2><span style=\"font-size: 110%; color: #f99b1c;\"><strong>TRANG CH\u1ee6 \u0110\u0102NG NH\u1eacP NH\u00c0 C\u00c1I BET88<\/strong><\/span><\/h2>\n<p>Link trang t\u1ed5ng v\u00e0o 2026bet88 ch\u00ednh th\u1ee9c c\u1eadp nh\u1eadt ng\u00e0y h\u00f4m nay m\u1edbi nh\u1ea5t:<\/p>\n<div class=\"row row-small\"  id=\"row-2023611087\">\n\n\t<div id=\"col-1541040151\" class=\"col medium-4 small-12 large-4\"  >\n\t\t\t\t<div class=\"col-inner\"  >\n\t\t\t\n\t\t\t\n\t<div class=\"img has-hover x md-x lg-x y md-y lg-y\" id=\"image_1141901475\">\n\t\t<a class=\"\" href=\"https:\/\/te8qc2.pro\/24z7\" >\t\t\t\t\t\t<div class=\"img-inner dark\" >\n\t\t\t<img loading=\"lazy\" decoding=\"async\" width=\"400\" height=\"188\" src=\"https:\/\/2026bet88.bet\/wp-content\/uploads\/2025\/03\/dang-ky.webp\" class=\"attachment-original size-original\" alt=\"\u0110\u0103ng k\u00fd nh\u00e0 c\u00e1i\" srcset=\"https:\/\/2026bet88.bet\/wp-content\/uploads\/2025\/03\/dang-ky.webp 400w, https:\/\/2026bet88.bet\/wp-content\/uploads\/2025\/03\/dang-ky-300x141.webp 300w\" sizes=\"auto, (max-width: 400px) 100vw, 400px\" \/>\t\t\t\t\t\t\n\t\t\t\t\t<\/div>\n\t\t\t\t\t\t<\/a>\t\t\n<style>\n#image_1141901475 {\n  width: 100%;\n}\n<\/style>\n\t<\/div>\n\t\n\t\t<\/div>\n\t\t\t\t\t<\/div>\n\n\t\n\n\t<div id=\"col-1029030959\" class=\"col medium-4 small-12 large-4\"  >\n\t\t\t\t<div class=\"col-inner\"  >\n\t\t\t\n\t\t\t\n\t<div class=\"img has-hover x md-x lg-x y md-y lg-y\" id=\"image_158538178\">\n\t\t<a class=\"\" href=\"https:\/\/te8qc2.pro\/24z7\" >\t\t\t\t\t\t<div class=\"img-inner dark\" >\n\t\t\t<img loading=\"lazy\" decoding=\"async\" width=\"400\" height=\"188\" src=\"https:\/\/2026bet88.bet\/wp-content\/uploads\/2025\/03\/dang-nhap.webp\" class=\"attachment-original size-original\" alt=\"\u0110\u0103ng nh\u1eadp t\u1ea3i app\" srcset=\"https:\/\/2026bet88.bet\/wp-content\/uploads\/2025\/03\/dang-nhap.webp 400w, https:\/\/2026bet88.bet\/wp-content\/uploads\/2025\/03\/dang-nhap-300x141.webp 300w\" sizes=\"auto, (max-width: 400px) 100vw, 400px\" \/>\t\t\t\t\t\t\n\t\t\t\t\t<\/div>\n\t\t\t\t\t\t<\/a>\t\t\n<style>\n#image_158538178 {\n  width: 100%;\n}\n<\/style>\n\t<\/div>\n\t\n\t\t<\/div>\n\t\t\t\t\t<\/div>\n\n\t\n\n\t<div id=\"col-1617683512\" class=\"col medium-4 small-12 large-4\"  >\n\t\t\t\t<div class=\"col-inner\"  >\n\t\t\t\n\t\t\t\n\t<div class=\"img has-hover x md-x lg-x y md-y lg-y\" id=\"image_1971557865\">\n\t\t<a class=\"\" href=\"https:\/\/te8qc2.pro\/24z7\" >\t\t\t\t\t\t<div class=\"img-inner dark\" >\n\t\t\t<img loading=\"lazy\" decoding=\"async\" width=\"400\" height=\"188\" src=\"https:\/\/2026bet88.bet\/wp-content\/uploads\/2025\/03\/khuyen-mai.webp\" class=\"attachment-original size-original\" alt=\"Khuy\u1ebfn m\u00e3i th\u00e0nh vi\u00ean\" srcset=\"https:\/\/2026bet88.bet\/wp-content\/uploads\/2025\/03\/khuyen-mai.webp 400w, https:\/\/2026bet88.bet\/wp-content\/uploads\/2025\/03\/khuyen-mai-300x141.webp 300w\" sizes=\"auto, (max-width: 400px) 100vw, 400px\" \/>\t\t\t\t\t\t\n\t\t\t\t\t<\/div>\n\t\t\t\t\t\t<\/a>\t\t\n<style>\n#image_1971557865 {\n  width: 100%;\n}\n<\/style>\n\t<\/div>\n\t\n\t\t<\/div>\n\t\t\t\t\t<\/div>\n\n\t\n<\/div>\n\t<div id=\"gap-907017139\" class=\"gap-element clearfix\" style=\"display:block; height:auto;\">\n\t\t\n<style>\n#gap-907017139 {\n  padding-top: 16px;\n}\n<\/style>\n\t<\/div>\n\t\n\t<div id=\"gap-580722372\" class=\"gap-element clearfix\" style=\"display:block; height:auto;\">\n\t\t\n<style>\n#gap-580722372 {\n  padding-top: 15px;\n}\n<\/style>\n\t<\/div>\n\t\n<p><em><strong>Disclaimer (Tuy\u00ean b\u1ed1 mi\u1ec5n tr\u1eeb):<\/strong> <\/em>2026bet88.bet l\u00e0 trang cung c\u1ea5p ngu\u1ed3n tin mang t\u00ednh ch\u1ea5t tham kh\u1ea3o cho ng\u01b0\u1eddi tr\u00ean 18 tu\u1ed5i v\u00e0 sinh s\u1ed1ng ngo\u00e0i Vi\u1ec7t Nam, kh\u00f4ng can thi\u1ec7p ho\u1eb7c qu\u1ea3n l\u00fd c\u00e1c ho\u1ea1t \u0111\u1ed9ng \u0111\u1eb7t c\u01b0\u1ee3c. M\u1ecdi h\u00e0nh vi t\u1eeb ng\u01b0\u1eddi truy c\u1eadp \u0111\u1ec1u thu\u1ed9c ph\u1ea1m vi t\u1ef1 ch\u1ecbu tr\u00e1ch nhi\u1ec7m. 2026bet88 app kh\u00f4ng ch\u1ecbu tr\u00e1ch nhi\u1ec7m \u0111\u1ed1i v\u1edbi nh\u1eefng sai s\u00f3t ho\u1eb7c h\u1ec7 l\u1ee5y ph\u00e1t sinh t\u1eeb vi\u1ec7c ti\u1ebfp nh\u1eadn th\u00f4ng tin.<\/p>\n<h2 class=\"tieu-de uppercase\"><span style=\"color: #3366ff;\"><strong>FAQ &#8211; Gi\u1ea3i \u0111\u00e1p th\u1eafc m\u1eafc v\u1ec1 nh\u00e0 c\u00e1i BET88<\/strong><\/span><\/h2>\n<div class=\"accordion\"><\/div>\n\t<div id=\"accordion-3065022611\" class=\"accordion-item\">\n\t\t<a id=\"accordion-3065022611-label\" class=\"accordion-title plain\" href=\"#accordion-item-\u0110\u0103ng-nh\u1eadp-&#038;-\u0110\u0103ng-k\u00fd-bet88-.casino-tr\u00ean-trang-n\u00e0o?\" aria-expanded=\"false\" aria-controls=\"accordion-3065022611-content\" >\n\t\t\t<button class=\"toggle\" aria-label=\"Chuy\u1ec3n \u0111\u1ed5i\"><i class=\"icon-angle-down\"><\/i><\/button>\n\t\t\t<span>\u0110\u0103ng nh\u1eadp &amp; \u0110\u0103ng k\u00fd Bet88 .casino tr\u00ean trang n\u00e0o?<\/span>\n\t\t<\/a>\n\t\t<div id=\"accordion-3065022611-content\" class=\"accordion-inner\" aria-labelledby=\"accordion-3065022611-label\" >\n\t\t\t\n<p><span style=\"color: #3366ff;\">C\u00e1c trang \u0111\u0103ng nh\u1eadp v\u00e0 \u0111\u0103ng k\u00fd t\u00e0i kho\u1ea3n 2026bet88. com:<\/span><\/p>\n<ul>\n<li><span style=\"color: #3366ff;\">2026bet88.casino<\/span><\/li>\n<li><span style=\"color: #3366ff;\">2026 bet88.com<\/span><\/li>\n<li><span style=\"color: #3366ff;\">2026bet88 . app<\/span><\/li>\n<li><span style=\"color: #3366ff;\">2026bet88. game<\/span><\/li>\n<li><span style=\"color: #3366ff;\">2026 bet88.bet<\/span><\/li>\n<\/ul>\n<p>#trangchubet88 #dangnhapbet88 #dangkybet88 #taiappbet88 #appbet88 #bet88bet #bet88casino<\/p>\n<p>#trangchu2026bet88 #dangnhap2026bet88 #dangky2026bet88 #taiapp2026bet88 #app2026bet88 #2026bet88bet #2026bet88casino<\/p>\n\t\t<\/div>\n\t<\/div>\n\t\n\t<div id=\"accordion-3352975791\" class=\"accordion-item\">\n\t\t<a id=\"accordion-3352975791-label\" class=\"accordion-title plain\" href=\"#accordion-item-h\u00ecnh-th\u1ee9c-giao-d\u1ecbch-ch\u00ednh-tr\u00ean-2026bet88-com?\" aria-expanded=\"false\" aria-controls=\"accordion-3352975791-content\" >\n\t\t\t<button class=\"toggle\" aria-label=\"Chuy\u1ec3n \u0111\u1ed5i\"><i class=\"icon-angle-down\"><\/i><\/button>\n\t\t\t<span>H\u00ecnh th\u1ee9c giao d\u1ecbch ch\u00ednh tr\u00ean 2026bet88 com?<\/span>\n\t\t<\/a>\n\t\t<div id=\"accordion-3352975791-content\" class=\"accordion-inner\" aria-labelledby=\"accordion-3352975791-label\" >\n\t\t\t\n<p><span style=\"color: #3366ff;\">Trang ch\u1ee7 bet88 game h\u1ed7 tr\u1ee3 h\u00ecnh th\u1ee9c giao d\u1ecbch<\/span><\/p>\n<ul>\n<li><span style=\"color: #3366ff;\">Giao \u0111\u1ecbch b\u1eb1ng s\u1ed1 t\u00e0i kho\u1ea3n ng\u00e2n h\u00e0ng<\/span><\/li>\n<li><span style=\"color: #3366ff;\">Giao d\u1ecbch b\u1eb1ng thi\u1ebft l\u1eadp m\u00e3 QR<\/span><\/li>\n<li><span style=\"color: #3366ff;\">Giao d\u1ecbch qua v\u00ed \u0111i\u1ec7n t\u1eed ( Momo, Viettel Pay, zalo Pay..)<\/span><\/li>\n<li><span style=\"color: #3366ff;\">Giao d\u1ecbch qua v\u00ed ti\u1ec1n \u1ea3o ( USDT).<\/span><\/li>\n<\/ul>\n\t\t<\/div>\n\t<\/div>\n\t\n\t<div id=\"accordion-4061888494\" class=\"accordion-item\">\n\t\t<a id=\"accordion-4061888494-label\" class=\"accordion-title plain\" href=\"#accordion-item-t\u1ea3i-\u1ee9ng-d\u1ee5ng-bet88-bet-c\u00f3-kh\u00f3-kh\u00f4ng?\" aria-expanded=\"false\" aria-controls=\"accordion-4061888494-content\" >\n\t\t\t<button class=\"toggle\" aria-label=\"Chuy\u1ec3n \u0111\u1ed5i\"><i class=\"icon-angle-down\"><\/i><\/button>\n\t\t\t<span>T\u1ea3i \u1ee9ng d\u1ee5ng Bet88 bet c\u00f3 kh\u00f3 kh\u00f4ng?<\/span>\n\t\t<\/a>\n\t\t<div id=\"accordion-4061888494-content\" class=\"accordion-inner\" aria-labelledby=\"accordion-4061888494-label\" >\n\t\t\t\n<p><span style=\"color: #3366ff;\">\u1ee8ng d\u1ee5ng nh\u00e0 c\u00e1i Bet88 \u0111\u01b0\u1ee3c thi\u1ebft k\u1ebf hi\u1ec7n \u0111\u1ea1i v\u1edbi dung l\u01b0\u1ee3ng nh\u1ecf g\u1ecdn, h\u1ed7 tr\u1ee3 t\u1ea3i v\u1ec1 2 h\u1ec7 \u0111i\u1ec1u h\u00e0nh ch\u00ednh l\u00e0 iOs v\u00e0 Android. C\u00e1ch th\u1ee9c t\u1ea3i v\u1ec1 d\u1ec5 d\u00e0ng, gi\u00fap ng\u01b0\u1eddi ch\u01a1i c\u00f3 tr\u1ea3i nghi\u1ec7m an to\u00e0n v\u00e0 ti\u1ec7n l\u1ee3i.<\/span><\/p>\n\t\t<\/div>\n\t<\/div>\n\t\n\t<div id=\"accordion-220705894\" class=\"accordion-item\">\n\t\t<a id=\"accordion-220705894-label\" class=\"accordion-title plain\" href=\"#accordion-item-c\u00f3-r\u00fat-\u0111\u01b0\u1ee3c-ti\u1ec1n-tr\u00ean-2026-bet88-kh\u00f4ng?\" aria-expanded=\"false\" aria-controls=\"accordion-220705894-content\" >\n\t\t\t<button class=\"toggle\" aria-label=\"Chuy\u1ec3n \u0111\u1ed5i\"><i class=\"icon-angle-down\"><\/i><\/button>\n\t\t\t<span>C\u00f3 r\u00fat \u0111\u01b0\u1ee3c ti\u1ec1n tr\u00ean 2026 bet88 kh\u00f4ng?<\/span>\n\t\t<\/a>\n\t\t<div id=\"accordion-220705894-content\" class=\"accordion-inner\" aria-labelledby=\"accordion-220705894-label\" >\n\t\t\t\n<p><span style=\"color: #3366ff;\">Ng\u01b0\u1eddi ch\u01a1i ho\u00e0n to\u00e0n r\u00fat \u0111\u01b0\u1ee3c ti\u1ec1n khi \u0111\u00e3 \u0111\u1ee7 \u0111i\u1ec1u ki\u1ec7n ( ho\u00e0n th\u00e0nh s\u1ed1 v\u00f2ng c\u01b0\u1ee3c theo quy \u0111\u1ecbnh v\u00e0 s\u1ef1 ki\u1ec7n khuy\u1ebfn m\u00e3i). Giao d\u1ecbch kh\u00f4ng m\u1ea5t ph\u00ed th\u1eddi gian x\u1eed l\u00fd t\u1eeb 1 &#8211; 5 ph\u00fat.<\/span><\/p>\n\t\t<\/div>\n\t<\/div>\n\t\n<p>&nbsp;<\/p>\n","protected":false},"excerpt":{"rendered":"<p>TRANG CH\u1ee6 \u0110\u0102NG NH\u1eacP NH\u00c0 C\u00c1I BET88 Link trang t\u1ed5ng v\u00e0o 2026bet88 ch\u00ednh th\u1ee9c c\u1eadp nh\u1eadt ng\u00e0y h\u00f4m nay m\u1edbi nh\u1ea5t: Disclaimer (Tuy\u00ean b\u1ed1 mi\u1ec5n tr\u1eeb): 2026bet88.bet l\u00e0 trang cung c\u1ea5p ngu\u1ed3n tin mang t\u00ednh ch\u1ea5t tham kh\u1ea3o cho ng\u01b0\u1eddi tr\u00ean 18 tu\u1ed5i v\u00e0 sinh s\u1ed1ng ngo\u00e0i Vi\u1ec7t Nam, kh\u00f4ng can thi\u1ec7p ho\u1eb7c qu\u1ea3n l\u00fd&#8230;<\/p>\n","protected":false},"author":1,"featured_media":0,"parent":0,"menu_order":0,"comment_status":"closed","ping_status":"open","template":"page-right-sidebar.php","meta":{"footnotes":""},"class_list":["post-2","page","type-page","status-publish","hentry"],"_links":{"self":[{"href":"https:\/\/2026bet88.bet\/index.php?rest_route=\/wp\/v2\/pages\/2","targetHints":{"allow":["GET"]}}],"collection":[{"href":"https:\/\/2026bet88.bet\/index.php?rest_route=\/wp\/v2\/pages"}],"about":[{"href":"https:\/\/2026bet88.bet\/index.php?rest_route=\/wp\/v2\/types\/page"}],"author":[{"embeddable":true,"href":"https:\/\/2026bet88.bet\/index.php?rest_route=\/wp\/v2\/users\/1"}],"replies":[{"embeddable":true,"href":"https:\/\/2026bet88.bet\/index.php?rest_route=%2Fwp%2Fv2%2Fcomments&post=2"}],"version-history":[{"count":55,"href":"https:\/\/2026bet88.bet\/index.php?rest_route=\/wp\/v2\/pages\/2\/revisions"}],"predecessor-version":[{"id":640,"href":"https:\/\/2026bet88.bet\/index.php?rest_route=\/wp\/v2\/pages\/2\/revisions\/640"}],"wp:attachment":[{"href":"https:\/\/2026bet88.bet\/index.php?rest_route=%2Fwp%2Fv2%2Fmedia&parent=2"}],"curies":[{"name":"wp","href":"https:\/\/api.w.org\/{rel}","templated":true}]}}